{"id":49,"date":"2026-03-12T13:52:38","date_gmt":"2026-03-12T13:52:38","guid":{"rendered":"https:\/\/chain-flag.com\/accueil\/"},"modified":"2026-04-23T12:44:13","modified_gmt":"2026-04-23T12:44:13","slug":"accueil","status":"publish","type":"page","link":"https:\/\/chain-flag.com\/en\/","title":{"rendered":"Safety at anchor starts with others, and what you don't see."},"content":{"rendered":"<figure class=\"wp-block-video\"><video height=\"1080\" style=\"aspect-ratio: 1920 \/ 1080;\" width=\"1920\" autoplay controls loop muted src=\"https:\/\/chain-flag.com\/wp-content\/uploads\/2026\/04\/vous-ne-voyez-rien.mp4\" playsinline><\/video><\/figure>\n\n\n\n<div class=\"wp-block-group alignfull ext-animate--on\" style=\"padding-top:var(--wp--preset--spacing--30);padding-right:var(--wp--preset--spacing--30);padding-bottom:var(--wp--preset--spacing--30);padding-left:var(--wp--preset--spacing--30)\"><div class=\"wp-block-group__inner-container is-layout-constrained wp-container-core-group-is-layout-97875daf wp-block-group-is-layout-constrained\">\n<p class=\"has-text-align-center ext-animate--on has-theme-palette-7-color has-text-color has-link-color has-large-font-size wp-elements-0e35104a90a63feac0dbf02b15e5ad55\">You are in control of your anchorage.<br>Not that of others.<\/p>\n\n\n\n<p class=\"has-text-align-center ext-animate--on has-theme-palette-7-color has-text-color has-link-color has-large-font-size wp-elements-a82f40d5f4230d5187f6cd18a089ec30\"><strong>A boat is coming\u2026 too close. A chain that's too long. A slow drift. A skid, or worse.<\/strong>   <strong>  What if we could manage all of this together?<\/strong><\/p>\n\n\n\n<p class=\"has-text-align-center ext-animate--on has-theme-palette-7-color has-text-color has-link-color has-medium-font-size wp-elements-84f6d1f57a62032c9e932f330ef0fc4b\">Don't wait for the wind to change, to be certain of your neighbor's anchorage and your own. <\/p>\n\n\n\n<p class=\"has-text-align-center ext-animate--on has-theme-palette-7-color has-text-color has-link-color has-medium-font-size wp-elements-95df3507b548a8f7d89256a5eecd4444\">Having your alarm is good, but Chain-Flag goes further, it makes the anchorage legible, visible to you and to others.<\/p>\n<\/div><\/div>\n\n\n\n<div class=\"wp-block-columns is-layout-flex wp-container-core-columns-is-layout-9d6595d7 wp-block-columns-is-layout-flex\">\n<div class=\"wp-block-column has-theme-palette-7-color has-text-color has-link-color has-medium-font-size wp-elements-e5deefa4a6b016c9cd39752683a97e9c is-layout-flow wp-block-column-is-layout-flow\">\n<details class=\"wp-block-details has-theme-palette-1-background-color has-background is-layout-flow wp-block-details-is-layout-flow\" style=\"border-width:2px\"><summary>After analysis and feedback from the \"field\", we worked on a set of tools that are currently lacking for all of us who live at sea and therefore in anchorages. <\/summary>\n<p class=\"has-theme-palette-2-background-color has-background\" style=\"border-width:1px;border-top-left-radius:19px;border-top-right-radius:19px;border-bottom-left-radius:19px;border-bottom-right-radius:19px\">Today we offer genuine community support, not just a chain calculator, or even just a drop alarm, but a <strong>overall system <\/strong>who can also take a look at a slightly questionable anchorage, a drag, a theft, from your neighbors around, and that they can also take this look at your boat.<\/p>\n\n\n\n<p>We are looking for testers* \/ ambassadors for the app in Beta version, to help us and get their feedback.<\/p>\n\n\n\n<p>*No purchase obligation<\/p>\n<\/details>\n<\/div>\n\n\n\n<div class=\"wp-block-column is-layout-flow wp-block-column-is-layout-flow\">\n<figure class=\"wp-block-image size-large wp-duotone-unset-1\"><img loading=\"lazy\" decoding=\"async\" width=\"1024\" height=\"768\" src=\"https:\/\/chain-flag.com\/wp-content\/uploads\/2026\/04\/avec-chain-flag-23-1024x768.png\" alt=\"\" class=\"wp-image-2070\" srcset=\"https:\/\/chain-flag.com\/wp-content\/uploads\/2026\/04\/avec-chain-flag-23-1024x768.png 1024w, https:\/\/chain-flag.com\/wp-content\/uploads\/2026\/04\/avec-chain-flag-23-300x225.png 300w, https:\/\/chain-flag.com\/wp-content\/uploads\/2026\/04\/avec-chain-flag-23-768x576.png 768w, https:\/\/chain-flag.com\/wp-content\/uploads\/2026\/04\/avec-chain-flag-23-1536x1152.png 1536w, https:\/\/chain-flag.com\/wp-content\/uploads\/2026\/04\/avec-chain-flag-23-16x12.png 16w, https:\/\/chain-flag.com\/wp-content\/uploads\/2026\/04\/avec-chain-flag-23.png 2000w\" sizes=\"auto, (max-width: 1024px) 100vw, 1024px\" \/><\/figure>\n\n\n\n<blockquote class=\"wp-block-quote is-layout-flow wp-block-quote-is-layout-flow\">\n<p class=\"has-theme-palette-8-color has-text-color has-link-color wp-elements-09a6c4a68d2f0a4e9952ba056b3fb46a\"><strong>No complicated systems here; we prioritize simplicity, visibility, and immediate benefits for everyone.<\/strong><\/p>\n<\/blockquote>\n<\/div>\n<\/div>\n\n\n<style>.kb-row-layout-id49_6782a1-c8 > .kt-row-column-wrap{align-content:start;}:where(.kb-row-layout-id49_6782a1-c8 > .kt-row-column-wrap) > .wp-block-kadence-column{justify-content:start;}.kb-row-layout-id49_6782a1-c8 > .kt-row-column-wrap{column-gap:var(--global-kb-gap-md, 2rem);row-gap:var(--global-kb-gap-md, 2rem);max-width:1070px;margin-left:auto;margin-right:auto;padding-top:var(--global-kb-spacing-sm, 1.5rem);padding-bottom:var(--global-kb-spacing-sm, 1.5rem);grid-template-columns:minmax(0, 1fr);}.kb-row-layout-id49_6782a1-c8 > .kt-row-layout-overlay{opacity:0.30;}@media all and (max-width: 1024px){.kb-row-layout-id49_6782a1-c8 > .kt-row-column-wrap{grid-template-columns:minmax(0, 1fr);}}@media all and (max-width: 767px){.kb-row-layout-id49_6782a1-c8 > .kt-row-column-wrap{grid-template-columns:minmax(0, 1fr);}}<\/style><div class=\"kb-row-layout-wrap kb-row-layout-id49_6782a1-c8 alignnone wp-block-kadence-rowlayout\"><div class=\"kt-row-column-wrap kt-has-1-columns kt-row-layout-equal kt-tab-layout-inherit kt-mobile-layout-row kt-row-valign-top\">\n<style>.kadence-column49_de8409-1e > .kt-inside-inner-col,.kadence-column49_de8409-1e > .kt-inside-inner-col:before{border-top-left-radius:0px;border-top-right-radius:0px;border-bottom-right-radius:0px;border-bottom-left-radius:0px;}.kadence-column49_de8409-1e > .kt-inside-inner-col{column-gap:var(--global-kb-gap-sm, 1rem);}.kadence-column49_de8409-1e > .kt-inside-inner-col{flex-direction:column;}.kadence-column49_de8409-1e > .kt-inside-inner-col > .aligncenter{width:100%;}.kadence-column49_de8409-1e > .kt-inside-inner-col:before{opacity:0.3;}.kadence-column49_de8409-1e{position:relative;}@media all and (max-width: 1024px){.kadence-column49_de8409-1e > .kt-inside-inner-col{flex-direction:column;justify-content:center;}}@media all and (max-width: 767px){.kadence-column49_de8409-1e > .kt-inside-inner-col{flex-direction:column;justify-content:center;}}<\/style>\n<div class=\"wp-block-kadence-column kadence-column49_de8409-1e\"><div class=\"kt-inside-inner-col\">\n<div class=\"wp-block-buttons is-layout-flex wp-block-buttons-is-layout-flex\">\n<div class=\"wp-block-button\"><a class=\"wp-block-button__link has-theme-palette-9-color has-theme-palette-13-background-color has-text-color has-background has-link-color wp-element-button\" href=\"https:\/\/chain-flag.com\/en\/test-de-mouillage\/\">TAKE THIS TEST: What if you told us about your anchorages? 10 questions to help us develop our concept together<\/a><\/div>\n<\/div>\n<\/div><\/div>\n\n\n<style>.kadence-column49_b0e8b5-01 > .kt-inside-inner-col,.kadence-column49_b0e8b5-01 > .kt-inside-inner-col:before{border-top-left-radius:0px;border-top-right-radius:0px;border-bottom-right-radius:0px;border-bottom-left-radius:0px;}.kadence-column49_b0e8b5-01 > .kt-inside-inner-col{column-gap:var(--global-kb-gap-sm, 1rem);}.kadence-column49_b0e8b5-01 > .kt-inside-inner-col{flex-direction:column;}.kadence-column49_b0e8b5-01 > .kt-inside-inner-col > .aligncenter{width:100%;}.kadence-column49_b0e8b5-01 > .kt-inside-inner-col:before{opacity:0.3;}.kadence-column49_b0e8b5-01{position:relative;}@media all and (max-width: 1024px){.kadence-column49_b0e8b5-01 > .kt-inside-inner-col{flex-direction:column;justify-content:center;}}@media all and (max-width: 767px){.kadence-column49_b0e8b5-01 > .kt-inside-inner-col{flex-direction:column;justify-content:center;}}<\/style>\n<div class=\"wp-block-kadence-column kadence-column49_b0e8b5-01\"><div class=\"kt-inside-inner-col\">\n<div class=\"wp-block-buttons is-layout-flex wp-block-buttons-is-layout-flex\">\n<div class=\"wp-block-button\"><a class=\"wp-block-button__link has-theme-palette-9-color has-theme-palette-10-background-color has-text-color has-background has-link-color wp-element-button\" href=\"https:\/\/chain-flag.com\/en\/contact\/\"><strong>CLICK HERE<\/strong> and become <strong>CHAIN-FLAG Tester*<\/strong>, <strong>sans obligations d&rsquo;achats<\/strong>, just to move forward together and enable us to change behaviors and the sea.<\/a><\/div>\n<\/div>\n<\/div><\/div>\n\n<\/div><\/div>\n\n\n<p><\/p>","protected":false},"excerpt":{"rendered":"<p>Vous ma\u00eetrisez votre mouillage.Pas celui des autres. Un bateau arrive&#8230; trop pr\u00e8s. Une cha\u00eene trop longue. Une d\u00e9rive lente. Un d\u00e9rapage ou pire. Et si on pouvait g\u00e9rer tout \u00e7a, ensemble? N&rsquo;attendez plus que le vent tourne, pour \u00eatre certain du mouillage de votre voisin et du votre. Vous avez votre alarme c&rsquo;est bien, mais&#8230;<\/p>","protected":false},"author":1,"featured_media":0,"parent":0,"menu_order":1,"comment_status":"closed","ping_status":"closed","template":"","meta":{"_kb_optimizer_status":1,"_kad_post_transparent":"","_kad_post_title":"","_kad_post_layout":"normal","_kad_post_sidebar_id":"","_kad_post_content_style":"","_kad_post_vertical_padding":"show","_kad_post_feature":"","_kad_post_feature_position":"","_kad_post_header":false,"_kad_post_footer":false,"_kad_post_classname":"","footnotes":""},"class_list":["post-49","page","type-page","status-publish","hentry"],"_links":{"self":[{"href":"https:\/\/chain-flag.com\/en\/wp-json\/wp\/v2\/pages\/49","targetHints":{"allow":["GET"]}}],"collection":[{"href":"https:\/\/chain-flag.com\/en\/wp-json\/wp\/v2\/pages"}],"about":[{"href":"https:\/\/chain-flag.com\/en\/wp-json\/wp\/v2\/types\/page"}],"author":[{"embeddable":true,"href":"https:\/\/chain-flag.com\/en\/wp-json\/wp\/v2\/users\/1"}],"replies":[{"embeddable":true,"href":"https:\/\/chain-flag.com\/en\/wp-json\/wp\/v2\/comments?post=49"}],"version-history":[{"count":1283,"href":"https:\/\/chain-flag.com\/en\/wp-json\/wp\/v2\/pages\/49\/revisions"}],"predecessor-version":[{"id":2415,"href":"https:\/\/chain-flag.com\/en\/wp-json\/wp\/v2\/pages\/49\/revisions\/2415"}],"wp:attachment":[{"href":"https:\/\/chain-flag.com\/en\/wp-json\/wp\/v2\/media?parent=49"}],"curies":[{"name":"wp","href":"https:\/\/api.w.org\/{rel}","templated":true}]}}